{"id":717,"date":"2020-05-23T14:36:54","date_gmt":"2020-05-23T12:36:54","guid":{"rendered":"http:\/\/beneficialproject.com\/?page_id=717"},"modified":"2020-05-23T14:56:59","modified_gmt":"2020-05-23T12:56:59","slug":"mitgliedschaft","status":"publish","type":"page","link":"https:\/\/beneficialproject.com\/en\/mitgliedschaft\/","title":{"rendered":"Membership"},"content":{"rendered":"<figure class=\"wp-block-image size-full is-style-default\"><img loading=\"lazy\" decoding=\"async\" width=\"773\" height=\"720\" src=\"http:\/\/beneficialproject.com\/wp-content\/uploads\/2020\/05\/image00031.jpeg\" alt=\"\" class=\"wp-image-725\" srcset=\"https:\/\/beneficialproject.com\/wp-content\/uploads\/2020\/05\/image00031.jpeg 773w, https:\/\/beneficialproject.com\/wp-content\/uploads\/2020\/05\/image00031-300x279.jpeg 300w, https:\/\/beneficialproject.com\/wp-content\/uploads\/2020\/05\/image00031-768x715.jpeg 768w\" sizes=\"auto, (max-width: 773px) 100vw, 773px\" \/><\/figure>\n\n\n\n<h2 class=\"wp-block-heading\"><\/h2>\n\n\n\n<p>You are interested in a membership in our association? Then you are in the right place.<\/p>\n\n\n\n<p>As a member of the association you will be continuously informed about our plans, the status of current projects and our plans for crowdfunding. Furthermore, you help a lot to keep the current projects alive by supporting the running costs!<\/p>\n\n\n\n<p>We are currently still waiting for the data to be processed online. In the meantime we ask you to print out and fill out the form, which you find&nbsp;<a href=\"http:\/\/beneficialproject.com\/en\/lastschrift.pdf\/\" target=\"_blank\" rel=\"noreferrer noopener\">here.<\/a>&nbsp;findet.<\/p>","protected":false},"excerpt":{"rendered":"<p>Du bist interessiert an einer Mitgliedschaft in unserem Verein? Dann bist du hier genau richtig. Als Mitglied im Verein wirst du kontinuierlich \u00fcber unsere Vorhaben, den Status der aktuellen Projekte und unsere Planungen f\u00fcr Crowdfunding informiert. Au\u00dferdem hilfst du sehr, die aktuellen Projekte am Leben zu erhalten, indem die laufenden Kosten damit unterst\u00fctzt werden! Wir warten aktuell noch darauf, das wir die Daten online verarbeiten k\u00f6nnen. Solange bitten wir euch, das Formular auszudrucken und auszuf\u00fcllen, das ihr&nbsp;HIER&nbsp;findet.<\/p>","protected":false},"author":4,"featured_media":0,"parent":0,"menu_order":0,"comment_status":"closed","ping_status":"closed","template":"","meta":{"footnotes":""},"class_list":["post-717","page","type-page","status-publish","hentry"],"_links":{"self":[{"href":"https:\/\/beneficialproject.com\/en\/wp-json\/wp\/v2\/pages\/717","targetHints":{"allow":["GET"]}}],"collection":[{"href":"https:\/\/beneficialproject.com\/en\/wp-json\/wp\/v2\/pages"}],"about":[{"href":"https:\/\/beneficialproject.com\/en\/wp-json\/wp\/v2\/types\/page"}],"author":[{"embeddable":true,"href":"https:\/\/beneficialproject.com\/en\/wp-json\/wp\/v2\/users\/4"}],"replies":[{"embeddable":true,"href":"https:\/\/beneficialproject.com\/en\/wp-json\/wp\/v2\/comments?post=717"}],"version-history":[{"count":5,"href":"https:\/\/beneficialproject.com\/en\/wp-json\/wp\/v2\/pages\/717\/revisions"}],"predecessor-version":[{"id":733,"href":"https:\/\/beneficialproject.com\/en\/wp-json\/wp\/v2\/pages\/717\/revisions\/733"}],"wp:attachment":[{"href":"https:\/\/beneficialproject.com\/en\/wp-json\/wp\/v2\/media?parent=717"}],"curies":[{"name":"wp","href":"https:\/\/api.w.org\/{rel}","templated":true}]}}