{"id":712,"date":"2020-05-23T14:30:42","date_gmt":"2020-05-23T12:30:42","guid":{"rendered":"http:\/\/beneficialproject.com\/?page_id=712"},"modified":"2020-05-23T14:55:50","modified_gmt":"2020-05-23T12:55:50","slug":"spenden","status":"publish","type":"page","link":"https:\/\/beneficialproject.com\/en\/spenden\/","title":{"rendered":"DONATION"},"content":{"rendered":"<figure class=\"wp-block-image size-large is-style-default\"><img loading=\"lazy\" decoding=\"async\" width=\"1024\" height=\"682\" src=\"http:\/\/beneficialproject.com\/wp-content\/uploads\/2020\/05\/2-1024x682.jpeg\" alt=\"\" class=\"wp-image-729\" srcset=\"https:\/\/beneficialproject.com\/wp-content\/uploads\/2020\/05\/2-1024x682.jpeg 1024w, https:\/\/beneficialproject.com\/wp-content\/uploads\/2020\/05\/2-300x200.jpeg 300w, https:\/\/beneficialproject.com\/wp-content\/uploads\/2020\/05\/2-768x511.jpeg 768w, https:\/\/beneficialproject.com\/wp-content\/uploads\/2020\/05\/2-1536x1022.jpeg 1536w, https:\/\/beneficialproject.com\/wp-content\/uploads\/2020\/05\/2-2048x1363.jpeg 2048w, https:\/\/beneficialproject.com\/wp-content\/uploads\/2020\/05\/2-1140x759.jpeg 1140w\" sizes=\"auto, (max-width: 1024px) 100vw, 1024px\" \/><\/figure>\n\n\n\n<h2 class=\"wp-block-heading\">DONATIONS WITHOUT MEMBERSHIP<\/h2>\n\n\n\n<p>You want to donate once, without membership? Then you can get the account data of the association here. If a donation receipt is desired, please include the email address in the reason for payment. If your first name should not be mentioned in the category \"Thank you\", please add \"No\" after your email. :<\/p>\n\n\n\n<ul class=\"wp-block-list\"><li>Beneficial eV.<\/li><li>F\u00f6rde Sparkasse<\/li><li>IBAN: DE02 2105 0170 1002 9162 01<\/li><li>BIC: NOLADE21KIE<\/li><\/ul>","protected":false},"excerpt":{"rendered":"<p>SPENDEN OHNE MITGLIEDSCHAFT Du m\u00f6chtest einmalig, ohne Mitgliedschaft, spenden? Dann erh\u00e4lst du hier die Kontodaten des Vereins. Wenn eine Spendenquittung gew\u00fcnscht ist, bitte die Email-Adresse im Verwendungszweck angeben. Wenn dein Vorname in der Rubrik &#8222;Danke&#8220; nicht genannt werden soll, so erg\u00e4nze hinter deiner Email bitte noch &#8222;Nein&#8220;. : Beneficial e.V. F\u00f6rde Sparkasse IBAN: DE02 2105 0170 1002 9162 01 BIC: NOLADE21KIE<\/p>","protected":false},"author":4,"featured_media":0,"parent":0,"menu_order":0,"comment_status":"closed","ping_status":"closed","template":"","meta":{"footnotes":""},"class_list":["post-712","page","type-page","status-publish","hentry"],"_links":{"self":[{"href":"https:\/\/beneficialproject.com\/en\/wp-json\/wp\/v2\/pages\/712","targetHints":{"allow":["GET"]}}],"collection":[{"href":"https:\/\/beneficialproject.com\/en\/wp-json\/wp\/v2\/pages"}],"about":[{"href":"https:\/\/beneficialproject.com\/en\/wp-json\/wp\/v2\/types\/page"}],"author":[{"embeddable":true,"href":"https:\/\/beneficialproject.com\/en\/wp-json\/wp\/v2\/users\/4"}],"replies":[{"embeddable":true,"href":"https:\/\/beneficialproject.com\/en\/wp-json\/wp\/v2\/comments?post=712"}],"version-history":[{"count":6,"href":"https:\/\/beneficialproject.com\/en\/wp-json\/wp\/v2\/pages\/712\/revisions"}],"predecessor-version":[{"id":731,"href":"https:\/\/beneficialproject.com\/en\/wp-json\/wp\/v2\/pages\/712\/revisions\/731"}],"wp:attachment":[{"href":"https:\/\/beneficialproject.com\/en\/wp-json\/wp\/v2\/media?parent=712"}],"curies":[{"name":"wp","href":"https:\/\/api.w.org\/{rel}","templated":true}]}}