{"id":613,"date":"2020-05-23T12:44:48","date_gmt":"2020-05-23T10:44:48","guid":{"rendered":"http:\/\/beneficialproject.com\/?page_id=613"},"modified":"2020-05-28T19:06:01","modified_gmt":"2020-05-28T17:06:01","slug":"das-team","status":"publish","type":"page","link":"https:\/\/beneficialproject.com\/en\/das-team\/","title":{"rendered":"The team"},"content":{"rendered":"<div class=\"wp-block-group\"><div class=\"wp-block-group__inner-container is-layout-flow wp-block-group-is-layout-flow\">\n<p><strong>Benjamin Obeng<\/strong> <em>(contact person on site)<\/em><\/p>\n<\/div><\/div>\n\n\n\n<figure class=\"wp-block-image size-large\"><img loading=\"lazy\" decoding=\"async\" width=\"800\" height=\"533\" src=\"http:\/\/beneficialproject.com\/wp-content\/uploads\/2020\/05\/6.jpg\" alt=\"\" class=\"wp-image-619\" srcset=\"https:\/\/beneficialproject.com\/wp-content\/uploads\/2020\/05\/6.jpg 800w, https:\/\/beneficialproject.com\/wp-content\/uploads\/2020\/05\/6-300x200.jpg 300w, https:\/\/beneficialproject.com\/wp-content\/uploads\/2020\/05\/6-768x512.jpg 768w\" sizes=\"auto, (max-width: 800px) 100vw, 800px\" \/><\/figure>\n\n\n\n<p>Benjamin Obeng, called only Ben by everyone, is a family man from Accra. With his 5 children (one is adopted) and his wife he lives in a suburb, which in Germany would rather be a city, and runs a small primary school for 250 children. Some of these children cannot afford the school and are therefore provided by Ben \"for free\" in terms of education, nutrition and school materials.<\/p>\n\n\n\n<p>He took us in in March 2014 and let us live with him. In August 2014 he started his first trip to Europe, among other places to Kiel, to visit us here and take a look at our life. He has written a text to describe himself once:\n\u201cMy name is Benjamin Kwasi Dede Obeng. I was born on May 5th 1968 at Kantamanto near JamesTown in the central business area of Accra. I am the the third born of six siblings. I am married and a father of four children (3 girls and 1 boy). Also i am the proprietor of P. Brainy Kids Academy (an educational institution from Creche to Junior High Level). I have a big heart for children and always willing to help educate them, even if the parent cannot pay their fees. And for this reason I am the headmatser of Beneficial School Ghana, a scholl, which is free of fees.\u201c<\/p>\n\n\n\n<div class=\"wp-block-group\"><div class=\"wp-block-group__inner-container is-layout-flow wp-block-group-is-layout-flow\">\n<p><strong>Thomas Jenckel<\/strong> (1. CHAIRMAN)<\/p>\n<\/div><\/div>\n\n\n\n<figure class=\"wp-block-image size-large\"><img loading=\"lazy\" decoding=\"async\" width=\"960\" height=\"770\" src=\"http:\/\/beneficialproject.com\/wp-content\/uploads\/2020\/05\/7.jpg\" alt=\"\" class=\"wp-image-629\" srcset=\"https:\/\/beneficialproject.com\/wp-content\/uploads\/2020\/05\/7.jpg 960w, https:\/\/beneficialproject.com\/wp-content\/uploads\/2020\/05\/7-300x241.jpg 300w, https:\/\/beneficialproject.com\/wp-content\/uploads\/2020\/05\/7-768x616.jpg 768w\" sizes=\"auto, (max-width: 960px) 100vw, 960px\" \/><\/figure>\n\n\n\n<p><\/p>\n\n\n\n<p>Since 2012, I have been travelling to Ghana once a year to implement specific projects for children in need. It started as a volunteer at a small school where I worked as a teacher for weeks and got a deep insight into the Ghanaian school system. Influenced by many impressions and the desire to improve, I organized smaller development projects from Germany to the point where Bastian and I decided to do even more. That was the birth of our association.<\/p>\n\n\n\n<p><strong>Bastian Br\u00fcck<\/strong> (2. CHAIRMAN)<\/p>\n\n\n\n<figure class=\"wp-block-image size-large\"><img loading=\"lazy\" decoding=\"async\" width=\"1024\" height=\"766\" src=\"http:\/\/beneficialproject.com\/wp-content\/uploads\/2020\/05\/8-1024x766.jpg\" alt=\"\" class=\"wp-image-631\" srcset=\"https:\/\/beneficialproject.com\/wp-content\/uploads\/2020\/05\/8-1024x766.jpg 1024w, https:\/\/beneficialproject.com\/wp-content\/uploads\/2020\/05\/8-300x225.jpg 300w, https:\/\/beneficialproject.com\/wp-content\/uploads\/2020\/05\/8-768x575.jpg 768w, https:\/\/beneficialproject.com\/wp-content\/uploads\/2020\/05\/8-1140x853.jpg 1140w, https:\/\/beneficialproject.com\/wp-content\/uploads\/2020\/05\/8.jpg 1280w\" sizes=\"auto, (max-width: 1024px) 100vw, 1024px\" \/><\/figure>\n\n\n\n<p>Good Morning,<\/p>\n\n\n\n<p>my name is Bastian Br\u00fcck and I founded the club together with Tommy. Through him I first became aware of Ghana and learned to love the country and its people very quickly after we were there together for the first time in March 2014. In the meantime several visits have been made and it is always a wonderful experience to be there and to see the children's beaming faces. I am happy about any kind of interest in our project and hope to inspire everyone.<\/p>","protected":false},"excerpt":{"rendered":"<p>Benjamin Obeng (Ansprechpartner vor Ort) Benjamin Obeng, von jedem nur Ben genannt, ist ein Familienvater aus Accra. Mit seinen 5 Kindern (eines ist adoptiert) und seiner Frau lebt er in einem Vorort, der in Deutschland eher eine Stadt sein w\u00fcrde, und unterh\u00e4lt dort eine kleine Primary School f\u00fcr 250 Kinder. Einige dieser Kinder k\u00f6nnen sich die Schule nicht leisten und werden daher von Ben \u201efor free\u201c in Sachen Bildung, Ern\u00e4hrung und Schulmaterialien versorgt. Er hat uns im M\u00e4rz 2014 aufgenommen und bei sich wohnen lassen. Im August 2014 hat er dann seine erste Europa-Reise, u.a. nach Kiel angetreten, um uns hier zu besuchen und sich unser Leben anzuschauen. Er hat einen Text verfasst, um sich selber einmal zu beschreiben:&#8220;My name is Benjamin Kwasi Dede Obeng. I was born on May 5th 1968 at Kantamanto near JamesTown in the central business area of Accra. I am the the third born of six siblings. I am married and a father of four children (3 girls and 1 boy). Also i am the proprietor of P. Brainy Kids Academy (an educational institution from Creche to Junior High Level). I have a big heart for children and always willing to help educate them, even if the parent cannot pay their fees. And for this reason I am the headmatser of Beneficial School Ghana, a scholl, which is free of fees.&#8220; Thomas Jenckel (1. VORSITZENDER) Seit 2012 reise ich jedes Jahr einmal nach Ghana, um gezielt Projekte f\u00fcr hilfsbed\u00fcrftige Kinder umzusetzen. Begonnen hat es als Volunteer an einer kleinen Schule, an der ich wochenlang als Lehrer t\u00e4tig war und einen tiefen Einblick in das ghanaische Schulsystem bekam. Gepr\u00e4gt von vielen Eindr\u00fccken und dem Wunsch nach einer Verbesserung organisierte ich von Deutschland aus kleinere Entwicklungsprojekte bis zu dem Punkt, an dem Bastian und ich entschieden haben, noch mehr zu bewegen. Das war die Geburtsstunde unseres Vereins. Bastian Br\u00fcck (2. VORSITZENDER) Moin Moin, mein Name ist Bastian Br\u00fcck und ich habe den Verein mit Tommy zusammen gegr\u00fcndet. Durch ihn bin ich erst auf Ghana aufmerksam geworden und habe das Land und die Menschen sehr schnell lieben gelernt, nachdem wir im M\u00e4rz 2014 zum ersten Mal gemeinsam dort waren. Mittlerweile sind mehrere Besuche dazu gekommen und es ist jedes Mal aufs Neue eine wundervolle Erfahrung, vor Ort zu sein und die strahlenden Gesichter der Kinder zu sehen. Ich freue mich \u00fcber jede Form von Interesse an unserem Projekt und hoffe, jeden davon begeistern zu k\u00f6nnen.<\/p>","protected":false},"author":4,"featured_media":0,"parent":0,"menu_order":0,"comment_status":"closed","ping_status":"closed","template":"","meta":{"footnotes":""},"class_list":["post-613","page","type-page","status-publish","hentry"],"_links":{"self":[{"href":"https:\/\/beneficialproject.com\/en\/wp-json\/wp\/v2\/pages\/613","targetHints":{"allow":["GET"]}}],"collection":[{"href":"https:\/\/beneficialproject.com\/en\/wp-json\/wp\/v2\/pages"}],"about":[{"href":"https:\/\/beneficialproject.com\/en\/wp-json\/wp\/v2\/types\/page"}],"author":[{"embeddable":true,"href":"https:\/\/beneficialproject.com\/en\/wp-json\/wp\/v2\/users\/4"}],"replies":[{"embeddable":true,"href":"https:\/\/beneficialproject.com\/en\/wp-json\/wp\/v2\/comments?post=613"}],"version-history":[{"count":10,"href":"https:\/\/beneficialproject.com\/en\/wp-json\/wp\/v2\/pages\/613\/revisions"}],"predecessor-version":[{"id":776,"href":"https:\/\/beneficialproject.com\/en\/wp-json\/wp\/v2\/pages\/613\/revisions\/776"}],"wp:attachment":[{"href":"https:\/\/beneficialproject.com\/en\/wp-json\/wp\/v2\/media?parent=613"}],"curies":[{"name":"wp","href":"https:\/\/api.w.org\/{rel}","templated":true}]}}