{"id":554,"date":"2020-05-14T15:37:39","date_gmt":"2020-05-14T13:37:39","guid":{"rendered":"http:\/\/beneficialproject.com\/?page_id=554"},"modified":"2020-05-23T13:08:54","modified_gmt":"2020-05-23T11:08:54","slug":"ueber-uns","status":"publish","type":"page","link":"https:\/\/beneficialproject.com\/en\/ueber-uns\/","title":{"rendered":"The Union"},"content":{"rendered":"<p>We, Thomas Jenckel from Hamburg and Bastian Br\u00fcck from D\u00fcsseldorf, founded the association &quot;Beneficial&quot; in 2014. This resulted from a friendship that began in 2012 and our first joint visit to Ghana in March 2014.<\/p>\n\n\n\n<p>Thomas had already been to Ghana several times in previous years and had met Ben (see the &quot;ABOUT US&quot; section - Ben), who already runs his own school. When we were there together in March 2014, he offered to be our host and take us in for the duration of our stay in Ghana. He offered us a plot of land belonging to his family, which we wanted to use to build a school. Although education in Ghana is free, the country&#039;s financial resources are unfortunately limited.<\/p>\n\n\n\n<p>And so we decided to build a school there. We both fell in love with the country and its people on our very first visit, because you can find beauty in the land and warmth among the people everywhere!<\/p>\n\n\n\n<figure class=\"wp-block-image size-large\"><img loading=\"lazy\" decoding=\"async\" width=\"658\" height=\"439\" src=\"http:\/\/beneficialproject.com\/wp-content\/uploads\/2020\/05\/9.jpg\" alt=\"\" class=\"wp-image-633\" srcset=\"https:\/\/beneficialproject.com\/wp-content\/uploads\/2020\/05\/9.jpg 658w, https:\/\/beneficialproject.com\/wp-content\/uploads\/2020\/05\/9-300x200.jpg 300w\" sizes=\"auto, (max-width: 658px) 100vw, 658px\" \/><\/figure>","protected":false},"excerpt":{"rendered":"<p>Wir, das sind Thomas Jenckel aus Hamburg und Bastian Br\u00fcck aus D\u00fcsseldorf, haben im Jahre 2014 den Verein \u201eBeneficial\u201c gegr\u00fcndet. Das resultierte aus einer Freundschaft seit 2012 und dem ersten gemeinsamen Ghana-Besuch im M\u00e4rz 2014. Thomas war bereits in den vorherigen Jahren mehrere Male in Ghana gewesen und hatte dabei unter anderem Ben (Rubrik \u201e\u00dcBER UNS\u201c-Ben) kennen gelernt, der bereits eine eigene Schule leitet. Als wir im M\u00e4rz 2014 gemeinsam dort waren, hat er sich angeboten, unser Gastvater zu sein und uns f\u00fcr die Zeit unseres Ghana-Aufenthalts dort aufzunehmen. Dabei wurde uns ein seiner Familie geh\u00f6rendes Grundst\u00fcck angeboten, dass wir gerne nutzen wollten, um dort eine Schule zu bauen. Zwar ist Bildung in Ghana \u201efor free\u201c, aber die finanziellen M\u00f6glichkeiten des Landes sind leider beschr\u00e4nkt. Und so haben wir uns dazu entschlossen, dort eine Schule zu bauen. In Land und Leute hatten wir uns beide schon jeweils beim ersten Besuch verliebt, denn Sch\u00f6nheit im Land und Herzlichkeit der Leute findet man \u00fcberall!<\/p>","protected":false},"author":4,"featured_media":0,"parent":0,"menu_order":0,"comment_status":"closed","ping_status":"closed","template":"","meta":{"footnotes":""},"class_list":["post-554","page","type-page","status-publish","hentry"],"_links":{"self":[{"href":"https:\/\/beneficialproject.com\/en\/wp-json\/wp\/v2\/pages\/554","targetHints":{"allow":["GET"]}}],"collection":[{"href":"https:\/\/beneficialproject.com\/en\/wp-json\/wp\/v2\/pages"}],"about":[{"href":"https:\/\/beneficialproject.com\/en\/wp-json\/wp\/v2\/types\/page"}],"author":[{"embeddable":true,"href":"https:\/\/beneficialproject.com\/en\/wp-json\/wp\/v2\/users\/4"}],"replies":[{"embeddable":true,"href":"https:\/\/beneficialproject.com\/en\/wp-json\/wp\/v2\/comments?post=554"}],"version-history":[{"count":3,"href":"https:\/\/beneficialproject.com\/en\/wp-json\/wp\/v2\/pages\/554\/revisions"}],"predecessor-version":[{"id":634,"href":"https:\/\/beneficialproject.com\/en\/wp-json\/wp\/v2\/pages\/554\/revisions\/634"}],"wp:attachment":[{"href":"https:\/\/beneficialproject.com\/en\/wp-json\/wp\/v2\/media?parent=554"}],"curies":[{"name":"wp","href":"https:\/\/api.w.org\/{rel}","templated":true}]}}